{"id":32,"date":"2023-02-09T15:45:56","date_gmt":"2023-02-09T14:45:56","guid":{"rendered":"https:\/\/po1s.msmt.cz\/?page_id=32"},"modified":"2026-04-16T20:30:28","modified_gmt":"2026-04-16T19:30:28","slug":"uvodni-stranka","status":"publish","type":"page","link":"https:\/\/isv.gov.cz\/en\/","title":{"rendered":"Home"},"content":{"rendered":"<div style=\"    background-color: #f8d7da;     border: 1px solid #f5c2c7;     border-radius: 8px;     padding: 15px;     max-width: 600px;     \/* cca polovina \u0161\u00ed\u0159ky na desktopu *\/    margin: 20px auto;    \/* centrov\u00e1n\u00ed *\/    display: none;\">\n  <h3 style=\"margin-top: 0;\">Ozn\u00e1men\u00ed<\/h3>\n  <p>Dne 16.4.2026 od 21:00 do 22:00 prob\u011bhne nasazen\u00ed nov\u00e9 verze aplikac\u00ed. Aplikace mohou b\u00fdt v t\u00e9to dob\u011b nedostupn\u00e9.<\/p>\n<\/div>\n\n\n\n<p><\/p>","protected":false},"excerpt":{"rendered":"<p>Ozn\u00e1men\u00ed Dne 16.4.2026 od 21:00 do 22:00 prob\u011bhne nasazen\u00ed nov\u00e9 verze aplikac\u00ed. Aplikace mohou b\u00fdt v t\u00e9to dob\u011b nedostupn\u00e9.<\/p>","protected":false},"author":1,"featured_media":0,"parent":0,"menu_order":0,"comment_status":"closed","ping_status":"closed","template":"","meta":{"neve_meta_sidebar":"","neve_meta_container":"","neve_meta_enable_content_width":"on","neve_meta_content_width":100,"neve_meta_title_alignment":"","neve_meta_author_avatar":"","neve_post_elements_order":"","neve_meta_disable_header":"","neve_meta_disable_footer":"","neve_meta_disable_title":"on","_themeisle_gutenberg_block_has_review":false,"_ti_tpc_template_sync":false,"_ti_tpc_template_id":"","footnotes":""},"class_list":["post-32","page","type-page","status-publish","hentry"],"yoast_head":"<!-- This site is optimized with the Yoast SEO plugin v20.3 - https:\/\/yoast.com\/wordpress\/plugins\/seo\/ -->\n<title>\u00davodn\u00ed str\u00e1nka - eEdu port\u00e1l<\/title>\n<meta name=\"robots\" content=\"index, follow, max-snippet:-1, max-image-preview:large, max-video-preview:-1\" \/>\n<link rel=\"canonical\" href=\"https:\/\/isv.gov.cz\/en\/\" \/>\n<meta property=\"og:locale\" content=\"en_GB\" \/>\n<meta property=\"og:type\" content=\"article\" \/>\n<meta property=\"og:title\" content=\"\u00davodn\u00ed str\u00e1nka - eEdu port\u00e1l\" \/>\n<meta property=\"og:description\" content=\"Ozn\u00e1men\u00ed Dne 16.4.2026 od 21:00 do 22:00 prob\u011bhne nasazen\u00ed nov\u00e9 verze aplikac\u00ed. Aplikace mohou b\u00fdt v t\u00e9to dob\u011b nedostupn\u00e9.\" \/>\n<meta property=\"og:url\" content=\"https:\/\/isv.gov.cz\/en\/\" \/>\n<meta property=\"og:site_name\" content=\"eEdu port\u00e1l\" \/>\n<meta property=\"article:modified_time\" content=\"2026-04-16T19:30:28+00:00\" \/>\n<meta name=\"twitter:card\" content=\"summary_large_image\" \/>\n<meta name=\"twitter:label1\" content=\"Estimated reading time\" \/>\n\t<meta name=\"twitter:data1\" content=\"1 minute\" \/>\n<script type=\"application\/ld+json\" class=\"yoast-schema-graph\">{\"@context\":\"https:\/\/schema.org\",\"@graph\":[{\"@type\":\"WebPage\",\"@id\":\"https:\/\/isv.gov.cz\/\",\"url\":\"https:\/\/isv.gov.cz\/\",\"name\":\"\u00davodn\u00ed str\u00e1nka - eEdu port\u00e1l\",\"isPartOf\":{\"@id\":\"https:\/\/isv.gov.cz\/#website\"},\"datePublished\":\"2023-02-09T14:45:56+00:00\",\"dateModified\":\"2026-04-16T19:30:28+00:00\",\"breadcrumb\":{\"@id\":\"https:\/\/isv.gov.cz\/#breadcrumb\"},\"inLanguage\":\"en-GB\",\"potentialAction\":[{\"@type\":\"ReadAction\",\"target\":[\"https:\/\/isv.gov.cz\/\"]}]},{\"@type\":\"BreadcrumbList\",\"@id\":\"https:\/\/isv.gov.cz\/#breadcrumb\",\"itemListElement\":[{\"@type\":\"ListItem\",\"position\":1,\"name\":\"Home\",\"item\":\"https:\/\/isv.gov.cz\/\"},{\"@type\":\"ListItem\",\"position\":2,\"name\":\"\u00davodn\u00ed str\u00e1nka\"}]},{\"@type\":\"WebSite\",\"@id\":\"https:\/\/isv.gov.cz\/#website\",\"url\":\"https:\/\/isv.gov.cz\/\",\"name\":\"eEdu port\u00e1l\",\"description\":\"\",\"publisher\":{\"@id\":\"https:\/\/isv.gov.cz\/#organization\"},\"potentialAction\":[{\"@type\":\"SearchAction\",\"target\":{\"@type\":\"EntryPoint\",\"urlTemplate\":\"https:\/\/isv.gov.cz\/?s={search_term_string}\"},\"query-input\":\"required name=search_term_string\"}],\"inLanguage\":\"en-GB\"},{\"@type\":\"Organization\",\"@id\":\"https:\/\/isv.gov.cz\/#organization\",\"name\":\"eEdu port\u00e1l\",\"url\":\"https:\/\/isv.gov.cz\/\",\"logo\":{\"@type\":\"ImageObject\",\"inLanguage\":\"en-GB\",\"@id\":\"https:\/\/isv.gov.cz\/#\/schema\/logo\/image\/\",\"url\":\"\",\"contentUrl\":\"\",\"caption\":\"eEdu port\u00e1l\"},\"image\":{\"@id\":\"https:\/\/isv.gov.cz\/#\/schema\/logo\/image\/\"}}]}<\/script>\n<!-- \/ Yoast SEO plugin. -->","yoast_head_json":{"title":"\u00davodn\u00ed str\u00e1nka - eEdu port\u00e1l","robots":{"index":"index","follow":"follow","max-snippet":"max-snippet:-1","max-image-preview":"max-image-preview:large","max-video-preview":"max-video-preview:-1"},"canonical":"https:\/\/isv.gov.cz\/en\/","og_locale":"en_GB","og_type":"article","og_title":"\u00davodn\u00ed str\u00e1nka - eEdu port\u00e1l","og_description":"Ozn\u00e1men\u00ed Dne 16.4.2026 od 21:00 do 22:00 prob\u011bhne nasazen\u00ed nov\u00e9 verze aplikac\u00ed. Aplikace mohou b\u00fdt v t\u00e9to dob\u011b nedostupn\u00e9.","og_url":"https:\/\/isv.gov.cz\/en\/","og_site_name":"eEdu port\u00e1l","article_modified_time":"2026-04-16T19:30:28+00:00","twitter_card":"summary_large_image","twitter_misc":{"Estimated reading time":"1 minute"},"schema":{"@context":"https:\/\/schema.org","@graph":[{"@type":"WebPage","@id":"https:\/\/isv.gov.cz\/","url":"https:\/\/isv.gov.cz\/","name":"\u00davodn\u00ed str\u00e1nka - eEdu port\u00e1l","isPartOf":{"@id":"https:\/\/isv.gov.cz\/#website"},"datePublished":"2023-02-09T14:45:56+00:00","dateModified":"2026-04-16T19:30:28+00:00","breadcrumb":{"@id":"https:\/\/isv.gov.cz\/#breadcrumb"},"inLanguage":"en-GB","potentialAction":[{"@type":"ReadAction","target":["https:\/\/isv.gov.cz\/"]}]},{"@type":"BreadcrumbList","@id":"https:\/\/isv.gov.cz\/#breadcrumb","itemListElement":[{"@type":"ListItem","position":1,"name":"Home","item":"https:\/\/isv.gov.cz\/"},{"@type":"ListItem","position":2,"name":"\u00davodn\u00ed str\u00e1nka"}]},{"@type":"WebSite","@id":"https:\/\/isv.gov.cz\/#website","url":"https:\/\/isv.gov.cz\/","name":"eEdu port\u00e1l","description":"","publisher":{"@id":"https:\/\/isv.gov.cz\/#organization"},"potentialAction":[{"@type":"SearchAction","target":{"@type":"EntryPoint","urlTemplate":"https:\/\/isv.gov.cz\/?s={search_term_string}"},"query-input":"required name=search_term_string"}],"inLanguage":"en-GB"},{"@type":"Organization","@id":"https:\/\/isv.gov.cz\/#organization","name":"eEdu port\u00e1l","url":"https:\/\/isv.gov.cz\/","logo":{"@type":"ImageObject","inLanguage":"en-GB","@id":"https:\/\/isv.gov.cz\/#\/schema\/logo\/image\/","url":"","contentUrl":"","caption":"eEdu port\u00e1l"},"image":{"@id":"https:\/\/isv.gov.cz\/#\/schema\/logo\/image\/"}}]}},"_links":{"self":[{"href":"https:\/\/isv.gov.cz\/en\/wp-json\/wp\/v2\/pages\/32","targetHints":{"allow":["GET"]}}],"collection":[{"href":"https:\/\/isv.gov.cz\/en\/wp-json\/wp\/v2\/pages"}],"about":[{"href":"https:\/\/isv.gov.cz\/en\/wp-json\/wp\/v2\/types\/page"}],"author":[{"embeddable":true,"href":"https:\/\/isv.gov.cz\/en\/wp-json\/wp\/v2\/users\/1"}],"replies":[{"embeddable":true,"href":"https:\/\/isv.gov.cz\/en\/wp-json\/wp\/v2\/comments?post=32"}],"version-history":[{"count":63,"href":"https:\/\/isv.gov.cz\/en\/wp-json\/wp\/v2\/pages\/32\/revisions"}],"predecessor-version":[{"id":342,"href":"https:\/\/isv.gov.cz\/en\/wp-json\/wp\/v2\/pages\/32\/revisions\/342"}],"wp:attachment":[{"href":"https:\/\/isv.gov.cz\/en\/wp-json\/wp\/v2\/media?parent=32"}],"curies":[{"name":"wp","href":"https:\/\/api.w.org\/{rel}","templated":true}]}}